{"id":44,"date":"2024-05-31T08:23:41","date_gmt":"2024-05-31T08:23:41","guid":{"rendered":"https:\/\/qwtool-temp.ll-01.thedock.space\/cookies\/"},"modified":"2024-11-06T12:31:52","modified_gmt":"2024-11-06T12:31:52","slug":"cookies","status":"publish","type":"page","link":"https:\/\/qwtool-temp.ll-01.thedock.space\/cookies\/","title":{"rendered":"Cookies"},"content":{"rendered":"<p>Cookies &#8211; Granska Energi AB<\/p> <p>Vi anv\u00e4nder cookies. Ta del av v\u00e5r information om hur och varf\u00f6r vi anv\u00e4nder cookies.<\/p> <p><strong>Om cookies<\/strong><\/p> <p>Cookies utg\u00f6rs av sm\u00e5 textfiler. Textfilerna inneh\u00e5ller data som lagras p\u00e5 bes\u00f6karens dator. Till och fr\u00e5n efterfr\u00e5gar webbplatsen data fr\u00e5n de cookies bes\u00f6karen har lagrade p\u00e5 sin dator. Webbplatser anv\u00e4nder cookies bl.a. i syfte att lagra inst\u00e4llningar f\u00f6r hur webbplatsen ska visas f\u00f6r bes\u00f6karen. En annan vanlig anv\u00e4ndning av cookies \u00e4r som ett led i att samla information om bes\u00f6karnas beteende.<\/p> <p><strong>Granska Energis anv\u00e4ndning av<\/strong> <strong>cookies<\/strong><\/p> <p>Granska Energi anv\u00e4nder cookies f\u00f6r att f\u00f6rb\u00e4ttra anv\u00e4ndarv\u00e4nligheten p\u00e5 webbplatsen, s\u00e5som att h\u00e5lla reda p\u00e5 dina inmatade uppgifter vid ifyllandet av onlineformul\u00e4r.<\/p> <p>Granska Energi anv\u00e4nder tv\u00e5 typer av cookies. Den ena typen \u00e4r en varaktig kaka som sparar en fil under en l\u00e4ngre tid p\u00e5 din dator. Den anv\u00e4nds bl.a. f\u00f6r funktioner som talar om vad som \u00e4r nytt sedan anv\u00e4ndaren senast bes\u00f6kte den aktuella webbplatsen. Den andra typen av cookies kallas sessionscookies, och dessa har en giltighet endast under bes\u00f6ket p\u00e5 webbplatsen, f\u00f6r att exempelvis h\u00e5lla reda p\u00e5 om du \u00e4r inloggad eller vad du har skrivit i ett onlineformul\u00e4r.<\/p> <p>Granska Energi anv\u00e4nder inte tredjepartscookies och inte heller cookies f\u00f6r marknadsf\u00f6rings\u00e4ndam\u00e5l.<\/p> <p><strong>Bes\u00f6karnas samtycke<\/strong><\/p> <p>Utg\u00e5ngspunkten \u00e4r att vi inh\u00e4mtar ditt samtycke innan vi h\u00e4mtar eller lagrar cookies. Detta g\u00e4ller vid alla former av cookies. D\u00e4remot inh\u00e4mtar vi inte ditt samtycke n\u00e4r cookies endast anv\u00e4nds f\u00f6r att h\u00e5lla reda p\u00e5 dina inmatade uppgifter vid ifyllandet av onlineformul\u00e4r eller n\u00e4r vi med egna verktyg m\u00e4ter webbtrafiken p\u00e5 v\u00e5r webbplats. Du har m\u00f6jlighet att via inst\u00e4llningar i webbl\u00e4sarens sekretessinst\u00e4llningar \u00e4ndra s\u00e5 att webbl\u00e4saren inte tar emot n\u00e5gra cookies.<\/p> <p>Vi samlar inte in personuppgifter genom de cookies vi anv\u00e4nder. I de fall Granska Energi b\u00f6rjar anv\u00e4nda andra former av cookies som samlar in personuppgifter om dig kommer vi inte att l\u00e4mna ut personuppgifterna till annan part. Du kommer ocks\u00e5 att informeras om anv\u00e4ndning av nya cookies och ges m\u00f6jligheten att samtycka till lagring av dessa cookies i fr\u00e5ga innan de lagras hos dig.<\/p> <p>Om du v\u00e4ljer att inte acceptera cookies kommer du tyv\u00e4rr inte att kunna anv\u00e4nda vitala funktioner p\u00e5 Granska Energis webbplats, som exempelvis inloggning och k\u00f6p av produkter.<\/p>","protected":false},"excerpt":{"rendered":"<p>Cookies &#8211; Granska Energi AB Vi anv\u00e4nder cookies. Ta del av v\u00e5r information om hur och varf\u00f6r vi anv\u00e4nder cookies.\u2026<\/p>\n","protected":false},"author":1,"featured_media":0,"parent":0,"menu_order":0,"comment_status":"closed","ping_status":"closed","template":"","meta":{"footnotes":""},"class_list":["post-44","page","type-page","status-publish","hentry"],"acf":[],"_links":{"self":[{"href":"https:\/\/qwtool-temp.ll-01.thedock.space\/wp-json\/wp\/v2\/pages\/44","targetHints":{"allow":["GET"]}}],"collection":[{"href":"https:\/\/qwtool-temp.ll-01.thedock.space\/wp-json\/wp\/v2\/pages"}],"about":[{"href":"https:\/\/qwtool-temp.ll-01.thedock.space\/wp-json\/wp\/v2\/types\/page"}],"author":[{"embeddable":true,"href":"https:\/\/qwtool-temp.ll-01.thedock.space\/wp-json\/wp\/v2\/users\/1"}],"replies":[{"embeddable":true,"href":"https:\/\/qwtool-temp.ll-01.thedock.space\/wp-json\/wp\/v2\/comments?post=44"}],"version-history":[{"count":3,"href":"https:\/\/qwtool-temp.ll-01.thedock.space\/wp-json\/wp\/v2\/pages\/44\/revisions"}],"predecessor-version":[{"id":99,"href":"https:\/\/qwtool-temp.ll-01.thedock.space\/wp-json\/wp\/v2\/pages\/44\/revisions\/99"}],"wp:attachment":[{"href":"https:\/\/qwtool-temp.ll-01.thedock.space\/wp-json\/wp\/v2\/media?parent=44"}],"curies":[{"name":"wp","href":"https:\/\/api.w.org\/{rel}","templated":true}]}}